{"id":336,"date":"2018-06-13T10:58:54","date_gmt":"2018-06-13T10:58:54","guid":{"rendered":"https:\/\/josephinemark.de\/?page_id=336"},"modified":"2018-07-10T13:45:16","modified_gmt":"2018-07-10T13:45:16","slug":"design","status":"publish","type":"page","link":"https:\/\/josephinemark.de\/index.php\/design\/","title":{"rendered":"Design"},"content":{"rendered":"\t\t<div data-elementor-type=\"wp-post\" data-elementor-id=\"336\" class=\"elementor elementor-336 elementor-bc-flex-widget\" data-elementor-settings=\"[]\">\n\t\t\t\t\t\t<div class=\"elementor-inner\">\n\t\t\t\t\t\t\t<div class=\"elementor-section-wrap\">\n\t\t\t\t\t\t\t<section class=\"elementor-section elementor-top-section elementor-element elementor-element-513e6864 elementor-hidden-phone elementor-section-boxed elementor-section-height-default elementor-section-height-default\" data-id=\"513e6864\" data-element_type=\"section\">\n\t\t\t\t\t\t<div class=\"elementor-container elementor-column-gap-default\">\n\t\t\t\t\t\t\t<div class=\"elementor-row\">\n\t\t\t\t\t<div class=\"elementor-column elementor-col-100 elementor-top-column elementor-element elementor-element-7213cd34\" data-id=\"7213cd34\" data-element_type=\"column\">\n\t\t\t<div class=\"elementor-column-wrap elementor-element-populated\">\n\t\t\t\t\t\t\t<div class=\"elementor-widget-wrap\">\n\t\t\t\t\t\t<div class=\"elementor-element elementor-element-6f912e80 elementor-nav-menu__align-right elementor-nav-menu--dropdown-tablet elementor-nav-menu__text-align-aside elementor-nav-menu--toggle elementor-nav-menu--burger elementor-widget elementor-widget-nav-menu\" data-id=\"6f912e80\" data-element_type=\"widget\" data-settings=\"{&quot;layout&quot;:&quot;horizontal&quot;,&quot;submenu_icon&quot;:{&quot;value&quot;:&quot;&lt;i class=\\&quot;fas fa-caret-down\\&quot;&gt;&lt;\\\/i&gt;&quot;,&quot;library&quot;:&quot;fa-solid&quot;},&quot;toggle&quot;:&quot;burger&quot;}\" data-widget_type=\"nav-menu.default\">\n\t\t\t\t<div class=\"elementor-widget-container\">\n\t\t\t\t\t\t<nav migration_allowed=\"1\" migrated=\"0\" role=\"navigation\" class=\"elementor-nav-menu--main elementor-nav-menu__container elementor-nav-menu--layout-horizontal e--pointer-none\"><ul id=\"menu-1-6f912e80\" class=\"elementor-nav-menu\"><li class=\"menu-item menu-item-type-post_type menu-item-object-page menu-item-345\"><a href=\"https:\/\/josephinemark.de\/index.php\/illustration\/\" class=\"elementor-item\">Illustration<\/a><\/li>\n<li class=\"menu-item menu-item-type-post_type menu-item-object-page menu-item-344\"><a href=\"https:\/\/josephinemark.de\/index.php\/design\/\" class=\"elementor-item\">Design<\/a><\/li>\n<li class=\"menu-item menu-item-type-post_type menu-item-object-page menu-item-343\"><a href=\"https:\/\/josephinemark.de\/index.php\/original\/\" class=\"elementor-item\">Original<\/a><\/li>\n<\/ul><\/nav>\n\t\t\t\t\t<div class=\"elementor-menu-toggle\" role=\"button\" tabindex=\"0\" aria-label=\"Menu Toggle\" aria-expanded=\"false\">\n\t\t\t<i aria-hidden=\"true\" role=\"presentation\" class=\"eicon-menu-bar\"><\/i>\t\t\t<span class=\"elementor-screen-only\">Menu<\/span>\n\t\t<\/div>\n\t\t\t<nav class=\"elementor-nav-menu--dropdown elementor-nav-menu__container\" role=\"navigation\" aria-hidden=\"true\"><ul id=\"menu-2-6f912e80\" class=\"elementor-nav-menu\"><li class=\"menu-item menu-item-type-post_type menu-item-object-page menu-item-345\"><a href=\"https:\/\/josephinemark.de\/index.php\/illustration\/\" class=\"elementor-item\" tabindex=\"-1\">Illustration<\/a><\/li>\n<li class=\"menu-item menu-item-type-post_type menu-item-object-page menu-item-344\"><a href=\"https:\/\/josephinemark.de\/index.php\/design\/\" class=\"elementor-item\" tabindex=\"-1\">Design<\/a><\/li>\n<li class=\"menu-item menu-item-type-post_type menu-item-object-page menu-item-343\"><a href=\"https:\/\/josephinemark.de\/index.php\/original\/\" class=\"elementor-item\" tabindex=\"-1\">Original<\/a><\/li>\n<\/ul><\/nav>\n\t\t\t\t<\/div>\n\t\t\t\t<\/div>\n\t\t\t\t\t\t<\/div>\n\t\t\t\t\t<\/div>\n\t\t<\/div>\n\t\t\t\t\t\t\t\t<\/div>\n\t\t\t\t\t<\/div>\n\t\t<\/section>\n\t\t\t\t<section class=\"elementor-section elementor-top-section elementor-element elementor-element-928f879 elementor-section-boxed elementor-section-height-default elementor-section-height-default\" data-id=\"928f879\" data-element_type=\"section\">\n\t\t\t\t\t\t<div class=\"elementor-container elementor-column-gap-default\">\n\t\t\t\t\t\t\t<div class=\"elementor-row\">\n\t\t\t\t\t<div class=\"elementor-column elementor-col-100 elementor-top-column elementor-element elementor-element-bba28f6\" data-id=\"bba28f6\" data-element_type=\"column\">\n\t\t\t<div class=\"elementor-column-wrap elementor-element-populated\">\n\t\t\t\t\t\t\t<div class=\"elementor-widget-wrap\">\n\t\t\t\t\t\t<section class=\"elementor-section elementor-inner-section elementor-element elementor-element-c00aba0 elementor-section-boxed elementor-section-height-default elementor-section-height-default\" data-id=\"c00aba0\" data-element_type=\"section\">\n\t\t\t\t\t\t<div class=\"elementor-container elementor-column-gap-default\">\n\t\t\t\t\t\t\t<div class=\"elementor-row\">\n\t\t\t\t\t<div class=\"elementor-column elementor-col-100 elementor-inner-column elementor-element elementor-element-633131d\" data-id=\"633131d\" data-element_type=\"column\">\n\t\t\t<div class=\"elementor-column-wrap elementor-element-populated\">\n\t\t\t\t\t\t\t<div class=\"elementor-widget-wrap\">\n\t\t\t\t\t\t<div class=\"elementor-element elementor-element-0d7bd00 elementor-widget elementor-widget-image\" data-id=\"0d7bd00\" data-element_type=\"widget\" data-widget_type=\"image.default\">\n\t\t\t\t<div class=\"elementor-widget-container\">\n\t\t\t\t\t\t\t\t<div class=\"elementor-image\">\n\t\t\t\t\t\t\t\t\t\t\t\t<img loading=\"lazy\" decoding=\"async\" width=\"980\" height=\"419\" src=\"https:\/\/josephinemark.de\/wp-content\/uploads\/2018\/07\/leistungen_head2-1-1024x438.jpg\" class=\"attachment-large size-large\" alt=\"\" srcset=\"https:\/\/josephinemark.de\/wp-content\/uploads\/2018\/07\/leistungen_head2-1-1024x438.jpg 1024w, https:\/\/josephinemark.de\/wp-content\/uploads\/2018\/07\/leistungen_head2-1-300x128.jpg 300w, https:\/\/josephinemark.de\/wp-content\/uploads\/2018\/07\/leistungen_head2-1-768x329.jpg 768w\" sizes=\"auto, (max-width: 980px) 100vw, 980px\" \/>\t\t\t\t\t\t\t\t\t\t\t\t\t\t<\/div>\n\t\t\t\t\t\t<\/div>\n\t\t\t\t<\/div>\n\t\t\t\t\t\t<\/div>\n\t\t\t\t\t<\/div>\n\t\t<\/div>\n\t\t\t\t\t\t\t\t<\/div>\n\t\t\t\t\t<\/div>\n\t\t<\/section>\n\t\t\t\t<section class=\"elementor-section elementor-inner-section elementor-element elementor-element-da4c5e4 elementor-section-boxed elementor-section-height-default elementor-section-height-default\" data-id=\"da4c5e4\" data-element_type=\"section\">\n\t\t\t\t\t\t<div class=\"elementor-container elementor-column-gap-default\">\n\t\t\t\t\t\t\t<div class=\"elementor-row\">\n\t\t\t\t\t<div class=\"elementor-column elementor-col-50 elementor-inner-column elementor-element elementor-element-1dcad1f\" data-id=\"1dcad1f\" data-element_type=\"column\">\n\t\t\t<div class=\"elementor-column-wrap elementor-element-populated\">\n\t\t\t\t\t\t\t<div class=\"elementor-widget-wrap\">\n\t\t\t\t\t\t<div class=\"elementor-element elementor-element-de4837e elementor-hidden-phone elementor-widget elementor-widget-image\" data-id=\"de4837e\" data-element_type=\"widget\" data-widget_type=\"image.default\">\n\t\t\t\t<div class=\"elementor-widget-container\">\n\t\t\t\t\t\t\t\t<div class=\"elementor-image\">\n\t\t\t\t\t\t\t\t\t\t\t\t<img loading=\"lazy\" decoding=\"async\" width=\"706\" height=\"695\" src=\"https:\/\/josephinemark.de\/wp-content\/uploads\/2018\/07\/leistungen_head_mobike.jpg\" class=\"attachment-large size-large\" alt=\"\" srcset=\"https:\/\/josephinemark.de\/wp-content\/uploads\/2018\/07\/leistungen_head_mobike.jpg 706w, https:\/\/josephinemark.de\/wp-content\/uploads\/2018\/07\/leistungen_head_mobike-300x295.jpg 300w\" sizes=\"auto, (max-width: 706px) 100vw, 706px\" \/>\t\t\t\t\t\t\t\t\t\t\t\t\t\t<\/div>\n\t\t\t\t\t\t<\/div>\n\t\t\t\t<\/div>\n\t\t\t\t\t\t<\/div>\n\t\t\t\t\t<\/div>\n\t\t<\/div>\n\t\t\t\t<div class=\"elementor-column elementor-col-50 elementor-inner-column elementor-element elementor-element-01ffd0e\" data-id=\"01ffd0e\" data-element_type=\"column\">\n\t\t\t<div class=\"elementor-column-wrap elementor-element-populated\">\n\t\t\t\t\t\t\t<div class=\"elementor-widget-wrap\">\n\t\t\t\t\t\t<div class=\"elementor-element elementor-element-e659798 elementor-widget elementor-widget-text-editor\" data-id=\"e659798\" data-element_type=\"widget\" data-widget_type=\"text-editor.default\">\n\t\t\t\t<div class=\"elementor-widget-container\">\n\t\t\t\t\t\t\t\t<div class=\"elementor-text-editor elementor-clearfix\">\n\t\t\t\t<p>Ich gestalte und layoute f\u00fcr Print- und Onlineanwendungen.<\/p><p>Das umfasst zum Beispiel Flyer, Brosch\u00fcren, Plakate, Visitenkarten, Werbeplanen, Schaufensterfolien, Anzeigen sowie Grafiken f\u00fcr digitale Verwendung, wie Profilbilder oder Werbe-Banner etc.<\/p><p>Dar\u00fcber hinaus erstelle ich Grafiken oder Illustrationen, wie z.B. Icons, Logos, Sympathiefiguren, Signaturgrafiken und vieles mehr.<\/p><p>Bei Bedarf vermittle ich au\u00dferdem Kontakt zu Fotografen, Textern, Druckereien und Werbeagenturen im Raum Leipzig.<\/p>\t\t\t\t\t<\/div>\n\t\t\t\t\t\t<\/div>\n\t\t\t\t<\/div>\n\t\t\t\t\t\t<\/div>\n\t\t\t\t\t<\/div>\n\t\t<\/div>\n\t\t\t\t\t\t\t\t<\/div>\n\t\t\t\t\t<\/div>\n\t\t<\/section>\n\t\t\t\t\t\t<\/div>\n\t\t\t\t\t<\/div>\n\t\t<\/div>\n\t\t\t\t\t\t\t\t<\/div>\n\t\t\t\t\t<\/div>\n\t\t<\/section>\n\t\t\t\t<section class=\"elementor-section elementor-top-section elementor-element elementor-element-f24894b elementor-section-boxed elementor-section-height-default elementor-section-height-default\" data-id=\"f24894b\" data-element_type=\"section\">\n\t\t\t\t\t\t<div class=\"elementor-container elementor-column-gap-default\">\n\t\t\t\t\t\t\t<div class=\"elementor-row\">\n\t\t\t\t\t<div class=\"elementor-column elementor-col-100 elementor-top-column elementor-element elementor-element-0e4dd3a\" data-id=\"0e4dd3a\" data-element_type=\"column\">\n\t\t\t<div class=\"elementor-column-wrap elementor-element-populated\">\n\t\t\t\t\t\t\t<div class=\"elementor-widget-wrap\">\n\t\t\t\t\t\t<section class=\"elementor-section elementor-inner-section elementor-element elementor-element-747b71f elementor-section-boxed elementor-section-height-default elementor-section-height-default\" data-id=\"747b71f\" data-element_type=\"section\">\n\t\t\t\t\t\t<div class=\"elementor-container elementor-column-gap-default\">\n\t\t\t\t\t\t\t<div class=\"elementor-row\">\n\t\t\t\t\t<div class=\"elementor-column elementor-col-33 elementor-inner-column elementor-element elementor-element-fcef672\" data-id=\"fcef672\" data-element_type=\"column\">\n\t\t\t<div class=\"elementor-column-wrap elementor-element-populated\">\n\t\t\t\t\t\t\t<div class=\"elementor-widget-wrap\">\n\t\t\t\t\t\t<div class=\"elementor-element elementor-element-38242b4 elementor-widget elementor-widget-image\" data-id=\"38242b4\" data-element_type=\"widget\" data-widget_type=\"image.default\">\n\t\t\t\t<div class=\"elementor-widget-container\">\n\t\t\t\t\t\t\t\t<div class=\"elementor-image\">\n\t\t\t\t\t\t\t\t\t\t\t\t\t<a href=\"https:\/\/josephinemark.de\/wp-content\/uploads\/2018\/07\/Design_Jansen.jpg\">\n\t\t\t\t\t\t\t<img decoding=\"async\" src=\"https:\/\/josephinemark.de\/wp-content\/uploads\/2018\/07\/Design_Jansen-500x500.jpg\" title=\"Janine Jansen\" alt=\"Konzertplakat \/ Foto: Marco Borgreve\" class=\"elementor-animation-grow\" \/>\t\t\t\t\t\t\t\t<\/a>\n\t\t\t\t\t\t\t\t\t\t\t\t\t\t<\/div>\n\t\t\t\t\t\t<\/div>\n\t\t\t\t<\/div>\n\t\t\t\t\t\t<\/div>\n\t\t\t\t\t<\/div>\n\t\t<\/div>\n\t\t\t\t<div class=\"elementor-column elementor-col-33 elementor-inner-column elementor-element elementor-element-1f02f8c\" data-id=\"1f02f8c\" data-element_type=\"column\">\n\t\t\t<div class=\"elementor-column-wrap elementor-element-populated\">\n\t\t\t\t\t\t\t<div class=\"elementor-widget-wrap\">\n\t\t\t\t\t\t<div class=\"elementor-element elementor-element-1464e99 elementor-widget elementor-widget-image\" data-id=\"1464e99\" data-element_type=\"widget\" data-widget_type=\"image.default\">\n\t\t\t\t<div class=\"elementor-widget-container\">\n\t\t\t\t\t\t\t\t<div class=\"elementor-image\">\n\t\t\t\t\t\t\t\t\t\t\t\t\t<a href=\"https:\/\/josephinemark.de\/wp-content\/uploads\/2018\/07\/Design_kneipenquiz-1.jpg\">\n\t\t\t\t\t\t\t<img decoding=\"async\" src=\"https:\/\/josephinemark.de\/wp-content\/uploads\/2018\/07\/Design_kneipenquiz-1-500x500.jpg\" title=\"Kneipenquiz\" alt=\"Signaturgrafik\" class=\"elementor-animation-grow\" \/>\t\t\t\t\t\t\t\t<\/a>\n\t\t\t\t\t\t\t\t\t\t\t\t\t\t<\/div>\n\t\t\t\t\t\t<\/div>\n\t\t\t\t<\/div>\n\t\t\t\t\t\t<\/div>\n\t\t\t\t\t<\/div>\n\t\t<\/div>\n\t\t\t\t<div class=\"elementor-column elementor-col-33 elementor-inner-column elementor-element elementor-element-50bc94b\" data-id=\"50bc94b\" data-element_type=\"column\">\n\t\t\t<div class=\"elementor-column-wrap elementor-element-populated\">\n\t\t\t\t\t\t\t<div class=\"elementor-widget-wrap\">\n\t\t\t\t\t\t<div class=\"elementor-element elementor-element-a01db24 elementor-widget elementor-widget-image\" data-id=\"a01db24\" data-element_type=\"widget\" data-widget_type=\"image.default\">\n\t\t\t\t<div class=\"elementor-widget-container\">\n\t\t\t\t\t\t\t\t<div class=\"elementor-image\">\n\t\t\t\t\t\t\t\t\t\t\t\t\t<a href=\"https:\/\/josephinemark.de\/wp-content\/uploads\/2018\/07\/Design_Fussball.jpg\">\n\t\t\t\t\t\t\t<img decoding=\"async\" src=\"https:\/\/josephinemark.de\/wp-content\/uploads\/2018\/07\/Design_Fussball-500x500.jpg\" title=\"Fussball\" alt=\"Postkartenmotiv\" class=\"elementor-animation-grow\" \/>\t\t\t\t\t\t\t\t<\/a>\n\t\t\t\t\t\t\t\t\t\t\t\t\t\t<\/div>\n\t\t\t\t\t\t<\/div>\n\t\t\t\t<\/div>\n\t\t\t\t\t\t<\/div>\n\t\t\t\t\t<\/div>\n\t\t<\/div>\n\t\t\t\t\t\t\t\t<\/div>\n\t\t\t\t\t<\/div>\n\t\t<\/section>\n\t\t\t\t<section class=\"elementor-section elementor-inner-section elementor-element elementor-element-ad4de64 elementor-section-boxed elementor-section-height-default elementor-section-height-default\" data-id=\"ad4de64\" data-element_type=\"section\">\n\t\t\t\t\t\t<div class=\"elementor-container elementor-column-gap-default\">\n\t\t\t\t\t\t\t<div class=\"elementor-row\">\n\t\t\t\t\t<div class=\"elementor-column elementor-col-33 elementor-inner-column elementor-element elementor-element-cab7da6\" data-id=\"cab7da6\" data-element_type=\"column\">\n\t\t\t<div class=\"elementor-column-wrap elementor-element-populated\">\n\t\t\t\t\t\t\t<div class=\"elementor-widget-wrap\">\n\t\t\t\t\t\t<div class=\"elementor-element elementor-element-96730db elementor-widget elementor-widget-image\" data-id=\"96730db\" data-element_type=\"widget\" data-widget_type=\"image.default\">\n\t\t\t\t<div class=\"elementor-widget-container\">\n\t\t\t\t\t\t\t\t<div class=\"elementor-image\">\n\t\t\t\t\t\t\t\t\t\t\t\t\t<a href=\"https:\/\/josephinemark.de\/wp-content\/uploads\/2018\/07\/Design_Gel\u00e4ndeplan.jpg\">\n\t\t\t\t\t\t\t<img decoding=\"async\" src=\"https:\/\/josephinemark.de\/wp-content\/uploads\/2018\/07\/Design_Gel\u00e4ndeplan-500x500.jpg\" title=\"Gel\u00e4ndeplan\" alt=\"Festival-Gel\u00e4ndeplan &amp; Icon-Design\" class=\"elementor-animation-grow\" \/>\t\t\t\t\t\t\t\t<\/a>\n\t\t\t\t\t\t\t\t\t\t\t\t\t\t<\/div>\n\t\t\t\t\t\t<\/div>\n\t\t\t\t<\/div>\n\t\t\t\t\t\t<\/div>\n\t\t\t\t\t<\/div>\n\t\t<\/div>\n\t\t\t\t<div class=\"elementor-column elementor-col-33 elementor-inner-column elementor-element elementor-element-ba25725\" data-id=\"ba25725\" data-element_type=\"column\">\n\t\t\t<div class=\"elementor-column-wrap elementor-element-populated\">\n\t\t\t\t\t\t\t<div class=\"elementor-widget-wrap\">\n\t\t\t\t\t\t<div class=\"elementor-element elementor-element-fe47ef6 elementor-widget elementor-widget-image\" data-id=\"fe47ef6\" data-element_type=\"widget\" data-widget_type=\"image.default\">\n\t\t\t\t<div class=\"elementor-widget-container\">\n\t\t\t\t\t\t\t\t<div class=\"elementor-image\">\n\t\t\t\t\t\t\t\t\t\t\t\t\t<a href=\"https:\/\/josephinemark.de\/wp-content\/uploads\/2018\/07\/Design_Gilbert.jpg\">\n\t\t\t\t\t\t\t<img decoding=\"async\" src=\"https:\/\/josephinemark.de\/wp-content\/uploads\/2018\/07\/Design_Gilbert-500x500.jpg\" title=\"Alan Gilbert\" alt=\"Konzertplakat \/ Foto: Peter Hundert\" class=\"elementor-animation-grow\" \/>\t\t\t\t\t\t\t\t<\/a>\n\t\t\t\t\t\t\t\t\t\t\t\t\t\t<\/div>\n\t\t\t\t\t\t<\/div>\n\t\t\t\t<\/div>\n\t\t\t\t\t\t<\/div>\n\t\t\t\t\t<\/div>\n\t\t<\/div>\n\t\t\t\t<div class=\"elementor-column elementor-col-33 elementor-inner-column elementor-element elementor-element-1e35296\" data-id=\"1e35296\" data-element_type=\"column\">\n\t\t\t<div class=\"elementor-column-wrap elementor-element-populated\">\n\t\t\t\t\t\t\t<div class=\"elementor-widget-wrap\">\n\t\t\t\t\t\t<div class=\"elementor-element elementor-element-f03df4d elementor-widget elementor-widget-image\" data-id=\"f03df4d\" data-element_type=\"widget\" data-widget_type=\"image.default\">\n\t\t\t\t<div class=\"elementor-widget-container\">\n\t\t\t\t\t\t\t\t<div class=\"elementor-image\">\n\t\t\t\t\t\t\t\t\t\t\t\t\t<a href=\"https:\/\/josephinemark.de\/wp-content\/uploads\/2018\/07\/Design_Leipzig.jpg\">\n\t\t\t\t\t\t\t<img decoding=\"async\" src=\"https:\/\/josephinemark.de\/wp-content\/uploads\/2018\/07\/Design_Leipzig-500x500.jpg\" title=\"Leipzig Silhouette\" alt=\"Siebdruckmotiv\" class=\"elementor-animation-grow\" \/>\t\t\t\t\t\t\t\t<\/a>\n\t\t\t\t\t\t\t\t\t\t\t\t\t\t<\/div>\n\t\t\t\t\t\t<\/div>\n\t\t\t\t<\/div>\n\t\t\t\t\t\t<\/div>\n\t\t\t\t\t<\/div>\n\t\t<\/div>\n\t\t\t\t\t\t\t\t<\/div>\n\t\t\t\t\t<\/div>\n\t\t<\/section>\n\t\t\t\t<section class=\"elementor-section elementor-inner-section elementor-element elementor-element-3c46ebe elementor-section-boxed elementor-section-height-default elementor-section-height-default\" data-id=\"3c46ebe\" data-element_type=\"section\">\n\t\t\t\t\t\t<div class=\"elementor-container elementor-column-gap-default\">\n\t\t\t\t\t\t\t<div class=\"elementor-row\">\n\t\t\t\t\t<div class=\"elementor-column elementor-col-33 elementor-inner-column elementor-element elementor-element-18e4812\" data-id=\"18e4812\" data-element_type=\"column\">\n\t\t\t<div class=\"elementor-column-wrap elementor-element-populated\">\n\t\t\t\t\t\t\t<div class=\"elementor-widget-wrap\">\n\t\t\t\t\t\t<div class=\"elementor-element elementor-element-adf76cd elementor-widget elementor-widget-image\" data-id=\"adf76cd\" data-element_type=\"widget\" data-widget_type=\"image.default\">\n\t\t\t\t<div class=\"elementor-widget-container\">\n\t\t\t\t\t\t\t\t<div class=\"elementor-image\">\n\t\t\t\t\t\t\t\t\t\t\t\t\t<a href=\"https:\/\/josephinemark.de\/wp-content\/uploads\/2018\/07\/Desing_AYCD.jpg\">\n\t\t\t\t\t\t\t<img decoding=\"async\" src=\"https:\/\/josephinemark.de\/wp-content\/uploads\/2018\/07\/Desing_AYCD-500x500.jpg\" title=\"AYCD\" alt=\"Diskothekenflyer\" class=\"elementor-animation-grow\" \/>\t\t\t\t\t\t\t\t<\/a>\n\t\t\t\t\t\t\t\t\t\t\t\t\t\t<\/div>\n\t\t\t\t\t\t<\/div>\n\t\t\t\t<\/div>\n\t\t\t\t\t\t<\/div>\n\t\t\t\t\t<\/div>\n\t\t<\/div>\n\t\t\t\t<div class=\"elementor-column elementor-col-33 elementor-inner-column elementor-element elementor-element-691d330\" data-id=\"691d330\" data-element_type=\"column\">\n\t\t\t<div class=\"elementor-column-wrap elementor-element-populated\">\n\t\t\t\t\t\t\t<div class=\"elementor-widget-wrap\">\n\t\t\t\t\t\t<div class=\"elementor-element elementor-element-2b0f7d8 elementor-widget elementor-widget-image\" data-id=\"2b0f7d8\" data-element_type=\"widget\" data-widget_type=\"image.default\">\n\t\t\t\t<div class=\"elementor-widget-container\">\n\t\t\t\t\t\t\t\t<div class=\"elementor-image\">\n\t\t\t\t\t\t\t\t\t\t\t\t\t<a href=\"https:\/\/josephinemark.de\/wp-content\/uploads\/2018\/07\/Design_runthewordl.jpg\">\n\t\t\t\t\t\t\t<img decoding=\"async\" src=\"https:\/\/josephinemark.de\/wp-content\/uploads\/2018\/07\/Design_runthewordl-500x500.jpg\" title=\"Run the world\" alt=\"Signaturgrafik\" class=\"elementor-animation-grow\" \/>\t\t\t\t\t\t\t\t<\/a>\n\t\t\t\t\t\t\t\t\t\t\t\t\t\t<\/div>\n\t\t\t\t\t\t<\/div>\n\t\t\t\t<\/div>\n\t\t\t\t\t\t<\/div>\n\t\t\t\t\t<\/div>\n\t\t<\/div>\n\t\t\t\t<div class=\"elementor-column elementor-col-33 elementor-inner-column elementor-element elementor-element-488c412\" data-id=\"488c412\" data-element_type=\"column\">\n\t\t\t<div class=\"elementor-column-wrap elementor-element-populated\">\n\t\t\t\t\t\t\t<div class=\"elementor-widget-wrap\">\n\t\t\t\t\t\t<div class=\"elementor-element elementor-element-d83690f elementor-widget elementor-widget-image\" data-id=\"d83690f\" data-element_type=\"widget\" data-widget_type=\"image.default\">\n\t\t\t\t<div class=\"elementor-widget-container\">\n\t\t\t\t\t\t\t\t<div class=\"elementor-image\">\n\t\t\t\t\t\t\t\t\t\t\t\t\t<a href=\"https:\/\/josephinemark.de\/wp-content\/uploads\/2018\/07\/Design_Kaligari.jpg\">\n\t\t\t\t\t\t\t<img decoding=\"async\" src=\"https:\/\/josephinemark.de\/wp-content\/uploads\/2018\/07\/Design_Kaligari-500x500.jpg\" title=\"Dr. Caligari\" alt=\"Konzertplakat \/ Illustration &amp; Layout\" class=\"elementor-animation-grow\" \/>\t\t\t\t\t\t\t\t<\/a>\n\t\t\t\t\t\t\t\t\t\t\t\t\t\t<\/div>\n\t\t\t\t\t\t<\/div>\n\t\t\t\t<\/div>\n\t\t\t\t\t\t<\/div>\n\t\t\t\t\t<\/div>\n\t\t<\/div>\n\t\t\t\t\t\t\t\t<\/div>\n\t\t\t\t\t<\/div>\n\t\t<\/section>\n\t\t\t\t\t\t<\/div>\n\t\t\t\t\t<\/div>\n\t\t<\/div>\n\t\t\t\t\t\t\t\t<\/div>\n\t\t\t\t\t<\/div>\n\t\t<\/section>\n\t\t\t\t<section class=\"elementor-section elementor-top-section elementor-element elementor-element-677e157 elementor-section-boxed elementor-section-height-default elementor-section-height-default\" data-id=\"677e157\" data-element_type=\"section\">\n\t\t\t\t\t\t<div class=\"elementor-container elementor-column-gap-default\">\n\t\t\t\t\t\t\t<div class=\"elementor-row\">\n\t\t\t\t\t<div class=\"elementor-column elementor-col-100 elementor-top-column elementor-element elementor-element-e661562\" data-id=\"e661562\" data-element_type=\"column\">\n\t\t\t<div class=\"elementor-column-wrap elementor-element-populated\">\n\t\t\t\t\t\t\t<div class=\"elementor-widget-wrap\">\n\t\t\t\t\t\t<section class=\"elementor-section elementor-inner-section elementor-element elementor-element-bdbd5a9 elementor-section-boxed elementor-section-height-default elementor-section-height-default\" data-id=\"bdbd5a9\" data-element_type=\"section\">\n\t\t\t\t\t\t<div class=\"elementor-container elementor-column-gap-default\">\n\t\t\t\t\t\t\t<div class=\"elementor-row\">\n\t\t\t\t\t<div class=\"elementor-column elementor-col-50 elementor-inner-column elementor-element elementor-element-23b310e\" data-id=\"23b310e\" data-element_type=\"column\">\n\t\t\t<div class=\"elementor-column-wrap\">\n\t\t\t\t\t\t\t<div class=\"elementor-widget-wrap\">\n\t\t\t\t\t\t\t\t<\/div>\n\t\t\t\t\t<\/div>\n\t\t<\/div>\n\t\t\t\t<div class=\"elementor-column elementor-col-50 elementor-inner-column elementor-element elementor-element-bcc1d1d\" data-id=\"bcc1d1d\" data-element_type=\"column\">\n\t\t\t<div class=\"elementor-column-wrap\">\n\t\t\t\t\t\t\t<div class=\"elementor-widget-wrap\">\n\t\t\t\t\t\t\t\t<\/div>\n\t\t\t\t\t<\/div>\n\t\t<\/div>\n\t\t\t\t\t\t\t\t<\/div>\n\t\t\t\t\t<\/div>\n\t\t<\/section>\n\t\t\t\t\t\t<\/div>\n\t\t\t\t\t<\/div>\n\t\t<\/div>\n\t\t\t\t\t\t\t\t<\/div>\n\t\t\t\t\t<\/div>\n\t\t<\/section>\n\t\t\t\t\t\t<\/div>\n\t\t\t\t\t\t<\/div>\n\t\t\t\t\t<\/div>\n\t\t","protected":false},"excerpt":{"rendered":"<p>Ich gestalte und layoute f\u00fcr Print- und Onlineanwendungen. Das umfasst zum Beispiel Flyer, Brosch\u00fcren, Plakate, Visitenkarten, Werbeplanen, Schaufensterfolien, Anzeigen sowie Grafiken f\u00fcr digitale Verwendung, wie Profilbilder oder Werbe-Banner etc. Dar\u00fcber hinaus erstelle ich Grafiken oder Illustrationen, wie z.B. Icons, Logos, Sympathiefiguren, Signaturgrafiken und vieles mehr. Bei Bedarf vermittle ich au\u00dferdem Kontakt zu Fotografen, Textern, Druckereien&hellip;<\/p>\n","protected":false},"author":1,"featured_media":662,"parent":0,"menu_order":0,"comment_status":"closed","ping_status":"closed","template":"","meta":{"spay_email":"","footnotes":""},"class_list":["post-336","page","type-page","status-publish","has-post-thumbnail","hentry","entry","has-media"],"_links":{"self":[{"href":"https:\/\/josephinemark.de\/index.php\/wp-json\/wp\/v2\/pages\/336","targetHints":{"allow":["GET"]}}],"collection":[{"href":"https:\/\/josephinemark.de\/index.php\/wp-json\/wp\/v2\/pages"}],"about":[{"href":"https:\/\/josephinemark.de\/index.php\/wp-json\/wp\/v2\/types\/page"}],"author":[{"embeddable":true,"href":"https:\/\/josephinemark.de\/index.php\/wp-json\/wp\/v2\/users\/1"}],"replies":[{"embeddable":true,"href":"https:\/\/josephinemark.de\/index.php\/wp-json\/wp\/v2\/comments?post=336"}],"version-history":[{"count":10,"href":"https:\/\/josephinemark.de\/index.php\/wp-json\/wp\/v2\/pages\/336\/revisions"}],"predecessor-version":[{"id":1288,"href":"https:\/\/josephinemark.de\/index.php\/wp-json\/wp\/v2\/pages\/336\/revisions\/1288"}],"wp:featuredmedia":[{"embeddable":true,"href":"https:\/\/josephinemark.de\/index.php\/wp-json\/wp\/v2\/media\/662"}],"wp:attachment":[{"href":"https:\/\/josephinemark.de\/index.php\/wp-json\/wp\/v2\/media?parent=336"}],"curies":[{"name":"wp","href":"https:\/\/api.w.org\/{rel}","templated":true}]}}